{"id":2,"date":"2022-02-28T16:20:31","date_gmt":"2022-02-28T15:20:31","guid":{"rendered":"http:\/\/nivinen.com\/?page_id=2"},"modified":"2022-03-01T17:11:02","modified_gmt":"2022-03-01T16:11:02","slug":"page-d-exemple","status":"publish","type":"page","link":"https:\/\/nivinen.com\/","title":{"rendered":"Long\u00e8re Nivinen Arzano"},"content":{"rendered":"\n<p>Site en cours de construction<\/p>\n\n\n\n<p>Nous contacter : contact@nivinen.com<\/p>\n\n\n\n<p>T\u00e9l : 02 98 71 77 09<\/p>\n\n\n\n<p>Merci <\/p>\n\n\n\n<h2 class=\"wp-block-heading\"><strong>Un accueil de qualit\u00e9 en chambres d&#8217;h\u00f4tes<\/strong><\/h2>\n\n\n\n<p>Bienvenue en Finist\u00e8re Sud \u00e0 la limite du Morbihan.\u00a0Nous vous accueillons \u00e0 Nivinen, lieu dit de la commune d&#8217;Arzano, entre les rivi\u00e8res du Scorff et de l&#8217;Ell\u00e9e.<\/p>\n\n\n\n<p><strong>On vous accueille dans notre long\u00e8re, compos\u00e9e de 5 chambres d\u2019h\u00f4tes, et piscine chauff\u00e9e. Nos chambres sont class\u00e9es 4 cl\u00e9s avec le label Cl\u00e9Vacances.<\/strong><\/p>\n\n\n\n<p>Les chambres offrent une entr\u00e9e ind\u00e9pendante et un am\u00e9nagement de qualit\u00e9 et chaleureux, avec tout le confort moderne.&nbsp;Pour un s\u00e9jour au calme, propice \u00e0 la d\u00e9tente et au repos.<\/p>\n\n\n\n<p>Apr\u00e8s une nuit dans les chambres ravissantes, nous vous invitons \u00e0 savourer le petit-d\u00e9jeuner gourmand de la Long\u00e8re de Nivinen.<\/p>\n","protected":false},"excerpt":{"rendered":"<p>Site en cours de construction Nous contacter : contact@nivinen.com T\u00e9l : 02 98 71 77 09 Merci Un accueil de qualit\u00e9 en chambres d&#8217;h\u00f4tes Bienvenue en Finist\u00e8re Sud \u00e0 la limite du Morbihan.\u00a0Nous vous accueillons \u00e0 Nivinen, lieu dit de la commune d&#8217;Arzano, entre les rivi\u00e8res du Scorff et de l&#8217;Ell\u00e9e. On vous accueille dans [&hellip;]<\/p>\n","protected":false},"author":1,"featured_media":0,"parent":0,"menu_order":0,"comment_status":"closed","ping_status":"closed","template":"template-home.php","meta":{"footnotes":""},"class_list":["post-2","page","type-page","status-publish","hentry"],"_links":{"self":[{"href":"https:\/\/nivinen.com\/index.php\/wp-json\/wp\/v2\/pages\/2","targetHints":{"allow":["GET"]}}],"collection":[{"href":"https:\/\/nivinen.com\/index.php\/wp-json\/wp\/v2\/pages"}],"about":[{"href":"https:\/\/nivinen.com\/index.php\/wp-json\/wp\/v2\/types\/page"}],"author":[{"embeddable":true,"href":"https:\/\/nivinen.com\/index.php\/wp-json\/wp\/v2\/users\/1"}],"replies":[{"embeddable":true,"href":"https:\/\/nivinen.com\/index.php\/wp-json\/wp\/v2\/comments?post=2"}],"version-history":[{"count":3,"href":"https:\/\/nivinen.com\/index.php\/wp-json\/wp\/v2\/pages\/2\/revisions"}],"predecessor-version":[{"id":50,"href":"https:\/\/nivinen.com\/index.php\/wp-json\/wp\/v2\/pages\/2\/revisions\/50"}],"wp:attachment":[{"href":"https:\/\/nivinen.com\/index.php\/wp-json\/wp\/v2\/media?parent=2"}],"curies":[{"name":"wp","href":"https:\/\/api.w.org\/{rel}","templated":true}]}}