{"id":16,"date":"2022-03-01T14:14:25","date_gmt":"2022-03-01T13:14:25","guid":{"rendered":"https:\/\/nivinen.com\/?page_id=16"},"modified":"2022-03-01T17:11:53","modified_gmt":"2022-03-01T16:11:53","slug":"nos-chambres","status":"publish","type":"page","link":"https:\/\/nivinen.com\/index.php\/nos-chambres\/","title":{"rendered":"Nos chambres"},"content":{"rendered":"\n<p>Chambres d&#8217;h\u00f4tes class\u00e9es 4 Cl\u00e9s Cl\u00e9vacances<\/p>\n","protected":false},"excerpt":{"rendered":"<p>Chambres d&#8217;h\u00f4tes class\u00e9es 4 Cl\u00e9s Cl\u00e9vacances<\/p>\n","protected":false},"author":1,"featured_media":0,"parent":0,"menu_order":0,"comment_status":"closed","ping_status":"closed","template":"","meta":{"footnotes":""},"class_list":["post-16","page","type-page","status-publish","hentry"],"_links":{"self":[{"href":"https:\/\/nivinen.com\/index.php\/wp-json\/wp\/v2\/pages\/16","targetHints":{"allow":["GET"]}}],"collection":[{"href":"https:\/\/nivinen.com\/index.php\/wp-json\/wp\/v2\/pages"}],"about":[{"href":"https:\/\/nivinen.com\/index.php\/wp-json\/wp\/v2\/types\/page"}],"author":[{"embeddable":true,"href":"https:\/\/nivinen.com\/index.php\/wp-json\/wp\/v2\/users\/1"}],"replies":[{"embeddable":true,"href":"https:\/\/nivinen.com\/index.php\/wp-json\/wp\/v2\/comments?post=16"}],"version-history":[{"count":2,"href":"https:\/\/nivinen.com\/index.php\/wp-json\/wp\/v2\/pages\/16\/revisions"}],"predecessor-version":[{"id":51,"href":"https:\/\/nivinen.com\/index.php\/wp-json\/wp\/v2\/pages\/16\/revisions\/51"}],"wp:attachment":[{"href":"https:\/\/nivinen.com\/index.php\/wp-json\/wp\/v2\/media?parent=16"}],"curies":[{"name":"wp","href":"https:\/\/api.w.org\/{rel}","templated":true}]}}